{"id":1700,"date":"2026-05-06T16:01:04","date_gmt":"2026-05-06T15:01:04","guid":{"rendered":"https:\/\/zaccararoberto.eu\/?page_id=1700"},"modified":"2026-05-06T16:06:36","modified_gmt":"2026-05-06T15:06:36","slug":"clonare-nfc-tag-13-56mhz","status":"publish","type":"page","link":"https:\/\/zaccararoberto.eu\/index.php\/clonare-nfc-tag-13-56mhz\/","title":{"rendered":"Clonare nfc tag 13.56MHz"},"content":{"rendered":"\n<ol class=\"wp-block-list\">\n<li>Hardware da utilizzare per realizzare la copia:<br><img decoding=\"async\" src=\"https:\/\/res.cloudinary.com\/kisi-kloud\/image\/upload\/c_lfill,dpr_auto,f_auto,q_auto:good,w_940\/v1\/collections\/blog\/how-to-copy-access-cards-and-keyfobs\/step-by-step-tutorial-how-to-copy-or-clone-access-cards-and-key-fobs-5b069a48d03048325ec095d0\" alt=\"NFC reader \/ writer\">Indifferentemente dal fatto che il dispositivo che utilizzate disponga o no di lettore NFC integrato questo NON puo\u2019 essere utilizzato a meno che non si disponga dei diritti di accesso alla root (\u00e8 possibile modificare i files del sistema operativo). Se non disponete di questi \u2018diritti\u2019 ovvero non utilizzate il cellulare come Super-User (SU) dovete per forza acquistare un lettore\/programmatore nfc da 13.56MHz esterno (attenzione non 125KHz). L\u2019 NFC ACR122U RFID \u00e8 il modello piu\u2019 diffuso ed economico per tanto \u00e8 quello maggiormente utilizzato dai vari software gratuiti o a pagamento, lo vedete nella foto e funziona con diversi S.O. come Windows, Mac, Android, Linux. Penso vi serva anche un adattatore USB da type-C a type-A.<\/li>\n\n\n\n<li>Software MCT (MifareClassicTool) gratuito da utilizzare per sistema operativo Android (cellulare\/tablet) esistono anche 2 versioni a pagamento MCT (6euro la versione datata mentre l\u2019 ultima sui 10euro) in questo caso NON vi serve il driver (External_nfc) perch\u00e8 integrato nell\u2019app. Vi metto al fondo i link.<br>Driver per gestire l\u2019unit\u00e0 NFC esterna.<br><a href=\"https:\/\/zaccaraeu.b-cdn.net\/wp-content\/uploads\/2026\/04\/External_nfc_1.04b.apk\">External_nfc_1.04b.apk<\/a><br><a href=\"https:\/\/zaccaraeu.b-cdn.net\/wp-content\/uploads\/2026\/04\/External_nfc_1.04b_bis.apk\">External_nfc_1.04b_bis.apk<\/a><br>Programma per la lettura\/scrittura del tag<br><a href=\"https:\/\/zaccaraeu.b-cdn.net\/wp-content\/uploads\/2026\/04\/MifareClassicTool-4.3.1.apk\">MifareClassicTool-4.3.1.apk<\/a><br><a href=\"https:\/\/zaccaraeu.b-cdn.net\/wp-content\/uploads\/2026\/04\/MifareClassicTool-4.3.0.apk\">MifareClassicTool-4.3.0.apk<\/a><\/li>\n\n\n\n<li>Dovete acquistare dei tag nfc UID-changeable\/rewraitable [UID Universal indentifier]. Il mercato offre un\u2019 ampia possibilita\u2019 di scelta sia frequenza singola 13.56MHz che a doppia frequenza 13.56MHz e 125KHz. Nota il programmatore ACR122U non \u00e8 in grado di leggere\/scrivere quelli a 125KHz che tra l\u2019 altro sono disponibili sia con IC come i 13.56MHz che nella versione 125KHz con ID. ( ID[identity] = sono lettura, no scrittura. IC [integrated circuit] = lettura e scrittura).<\/li>\n<\/ol>\n\n\n\n<h3 class=\"wp-block-heading\">Configurazione del driver External_nfc:<\/h3>\n\n\n\n<figure class=\"wp-block-image\"><img loading=\"lazy\" decoding=\"async\" width=\"288\" height=\"512\" src=\"https:\/\/zaccaraeu.b-cdn.net\/wp-content\/uploads\/2026\/04\/External-nfc.jpg\" alt=\"\" class=\"wp-image-1663\" srcset=\"https:\/\/zaccararoberto.eu\/wp-content\/uploads\/2026\/04\/External-nfc.jpg 288w, https:\/\/zaccararoberto.eu\/wp-content\/uploads\/2026\/04\/External-nfc-169x300.jpg 169w\" sizes=\"auto, (max-width: 288px) 100vw, 288px\" \/><\/figure>\n\n\n\n<p>Trovate 2 link da dove potete effettuare il download del driver ma il software \u00e8 lo stesso. Per avviare l\u2019installazione cliccate sul file che siete andati a trovare nella cartella \u2018Download\u2019 del vostro cellulare\/tablet usando l\u2019 app \u2018gestione risorse\u2019. Se non si avvia dovete rimuovere il blocco che impedisce l\u2019 esecuzione di app di terzi o non scaricate dal Plat store di Google, come le app prelevate da&nbsp;<a href=\"https:\/\/apkpure.net\/it\/\">Apkpure<\/a>&nbsp;o&nbsp;<a href=\"https:\/\/www.apkmirror.com\/\">ApkMirror<\/a>,&nbsp;<a href=\"https:\/\/www.apk4fun.com\/\">Apk4fun<\/a>. Cosa importante \u00e8 l\u2019 attivazione delle 3 funzioni sotto la voce \u2018Clone cards\u2019 cosa da farsi dopo aver avviato l\u2019 applicazione External_nfc. Collegare il fisicamente attraverso la porta USB type-C il lettore esterno ACR122U. Il vostro dispositivo dovrebbe emettere un suono e visualizzare in sovraimpressione un avviso se tutto funziona in modo corretto.<\/p>\n\n\n\n<p><strong>In sintesi<\/strong>: 1)Download dell\u2019 app da questo sito o altrove, 2)abilitare l\u2019 installazione delle Apps di terzi parti usando\u2019 gestione dispositivo\u2019, 3)localizzazione del file external_nfc sul vostro dispositivo con gestione files, 4)avviare l\u2019installazione, 5) Aprire l\u2019 app external-nfc e configurare come da immagine, 6)collegare il lettore al dispositivo il quale dovrebbe emettere segnale sonoro e avviso in sovraimpressione.<\/p>\n\n\n\n<h3 class=\"wp-block-heading\">Come l\u2019applicazione viene utilizzata MifareClassicTool versione 4.3.1 per copiare il tag:<\/h3>\n\n\n\n<p>L\u2019applicazione viene fornito con i tasti predefiniti impostati dal produttore di schede NFC, non credereste quante persone mai la briga di cambiare questo. Tim Theeuwes ha una grande guida su come clonare le carte NFC utilizzando lo smartphone NFC-enabled. Le seguenti immagini sono dalla sua guida, che pu\u00f2 essere trovato qui.<\/p>\n\n\n\n<figure class=\"wp-block-image\"><img loading=\"lazy\" decoding=\"async\" width=\"169\" height=\"300\" src=\"https:\/\/zaccaraeu.b-cdn.net\/wp-content\/uploads\/2026\/04\/MCT_1.avif\" alt=\"\" class=\"wp-image-1677\"\/><\/figure>\n\n\n\n<figure class=\"wp-block-image\"><img loading=\"lazy\" decoding=\"async\" width=\"169\" height=\"300\" src=\"https:\/\/zaccaraeu.b-cdn.net\/wp-content\/uploads\/2026\/04\/MCT_2.avif\" alt=\"\" class=\"wp-image-1678\"\/><\/figure>\n\n\n\n<h3 class=\"wp-block-heading\">Hacking NFC tramite un\u2019app:<\/h3>\n\n\n\n<p>Una volta che abbiamo letto la chiave o fob che vogliamo, siamo in grado di memorizzare tutte le informazioni su un file. Possiamo quindi utilizzare queste informazioni e scriverle su una scheda vuota, essenzialmente clonando l\u2019originale o il fob. La figura 5 di seguito mostra la parte \u201cScrivi settore\u201d dell\u2019app, in cui \u00e8 possibile scrivere singoli settori o scriverli tutti. Il settore importante da tenere a mente \u00e8 il settore 0 in quanto \u00e8 ci\u00f2 che contiene l\u2019UID e i dati del produttore, in pratica se copi il settore 0 su un altro fob, ne hai fatto una copia.<\/p>\n\n\n\n<p>Il Kisi Reader Pro utilizza le schede NFC Mifare Desfire EV1 2K, queste sono alcune delle schede NFC pi\u00f9 sicure oggi. Essi forniscono un ulteriore livello di sicurezza per le schede NFC Mifare Desfire gi\u00e0 esistenti, che li rende incredibilmente sicuro.<\/p>\n\n\n\n<p>Se vuoi sapere come noi di Kisi usiamo le credenziali mobili e le carte NFC crittografate AES a 128 bit, controlla questa panoramica del nostro sistema di controllo degli accessi mobili o contattaci. Se sei pi\u00f9 interessato a come funzionano i sistemi di accesso, scarica la nostra guida PDF gratuita.<\/p>\n","protected":false},"excerpt":{"rendered":"<p>Configurazione del driver External_nfc: Trovate 2 link da dove potete effettuare il download del driver ma il software \u00e8 lo stesso. Per avviare l\u2019installazione cliccate sul file che siete andati a trovare nella cartella \u2018Download\u2019 del vostro cellulare\/tablet usando l\u2019 app \u2018gestione risorse\u2019. Se non si avvia dovete rimuovere il blocco che impedisce l\u2019 esecuzione [&hellip;]<\/p>\n","protected":false},"author":1,"featured_media":0,"parent":0,"menu_order":0,"comment_status":"closed","ping_status":"closed","template":"","meta":{"_sitemap_exclude":false,"_sitemap_priority":"","_sitemap_frequency":"","_themeisle_gutenberg_block_has_review":false,"footnotes":""},"class_list":["post-1700","page","type-page","status-publish","hentry"],"_links":{"self":[{"href":"https:\/\/zaccararoberto.eu\/index.php\/wp-json\/wp\/v2\/pages\/1700","targetHints":{"allow":["GET"]}}],"collection":[{"href":"https:\/\/zaccararoberto.eu\/index.php\/wp-json\/wp\/v2\/pages"}],"about":[{"href":"https:\/\/zaccararoberto.eu\/index.php\/wp-json\/wp\/v2\/types\/page"}],"author":[{"embeddable":true,"href":"https:\/\/zaccararoberto.eu\/index.php\/wp-json\/wp\/v2\/users\/1"}],"replies":[{"embeddable":true,"href":"https:\/\/zaccararoberto.eu\/index.php\/wp-json\/wp\/v2\/comments?post=1700"}],"version-history":[{"count":2,"href":"https:\/\/zaccararoberto.eu\/index.php\/wp-json\/wp\/v2\/pages\/1700\/revisions"}],"predecessor-version":[{"id":1705,"href":"https:\/\/zaccararoberto.eu\/index.php\/wp-json\/wp\/v2\/pages\/1700\/revisions\/1705"}],"wp:attachment":[{"href":"https:\/\/zaccararoberto.eu\/index.php\/wp-json\/wp\/v2\/media?parent=1700"}],"curies":[{"name":"wp","href":"https:\/\/api.w.org\/{rel}","templated":true}]}}